{"id":166,"date":"2018-11-13T16:35:09","date_gmt":"2018-11-13T16:35:09","guid":{"rendered":"https:\/\/themes.getmotopress.com\/palmeria\/?page_id=166"},"modified":"2022-12-10T16:06:01","modified_gmt":"2022-12-10T15:06:01","slug":"contact-us","status":"publish","type":"page","link":"https:\/\/www.villapiladi.fr\/index.php\/contact-us\/","title":{"rendered":"Nous contacter"},"content":{"rendered":"\n<div class=\"wp-block-columns has-2-columns is-layout-flex wp-container-core-columns-is-layout-9d6595d7 wp-block-columns-is-layout-flex\">\n<div class=\"wp-block-column is-layout-flow wp-block-column-is-layout-flow\">\n<h3 class=\"wp-block-heading\">Et si Vous Osiez ?<\/h3>\n\n\n\n<p>Notre philosophie&#8230; \u00eatre l&rsquo;un des lieux les plus appr\u00e9ci\u00e9s de Lacanau. Chaque instant de votre s\u00e9jour est important pour nous, nous voulons donc nous assurer que vous avez appr\u00e9ci\u00e9 vos vacances&#8230;<\/p>\n\n\n\n<p><a href=\"tel:+33(0)749057712\">+33 (0) 749 057 712<\/a><\/p>\n\n\n\n<p><a href=\"mailto:contact@villapiladi.fr\" title=\"mail\">contact@villapiladi.fr<\/a><\/p>\n\n\n\n<p class=\"has-text-color\" style=\"color:#6e7078\">Le Huga, Lacanau-Oc\u00e9an, FR<\/p>\n\n\n\n<iframe src=\"https:\/\/www.google.com\/maps\/embed?pb=!1m18!1m12!1m3!1d13613.403739204587!2d-1.1739756557181718!3d45.00796892921206!2m3!1f0!2f0!3f0!3m2!1i1024!2i768!4f13.1!3m3!1m2!1s0x4801ffcb759827e9%3A0x666080f6f6b50d1d!2sLe%20Huga%2C%2033680%20Lacanau!5e0!3m2!1sfr!2sfr!4v1655379188182!5m2!1sfr!2sfr\" width=\"600\" height=\"450\" style=\"border:0;\" allowfullscreen=\"\" loading=\"lazy\" referrerpolicy=\"no-referrer-when-downgrade\"><\/iframe>\n<\/div>\n\n\n\n<div class=\"wp-block-column is-layout-flow wp-block-column-is-layout-flow\">\n<h3 class=\"wp-block-heading\">Nous laisser un Message<\/h3>\n\n\n\n<div class=\"wpcf7 no-js\" id=\"wpcf7-f952-o1\" lang=\"fr-FR\" dir=\"ltr\" data-wpcf7-id=\"952\">\n<div class=\"screen-reader-response\"><p role=\"status\" aria-live=\"polite\" aria-atomic=\"true\"><\/p> <ul><\/ul><\/div>\n<form action=\"\/index.php\/wp-json\/wp\/v2\/pages\/166#wpcf7-f952-o1\" method=\"post\" class=\"wpcf7-form init\" aria-label=\"Formulaire de contact\" novalidate=\"novalidate\" data-status=\"init\">\n<fieldset class=\"hidden-fields-container\"><input type=\"hidden\" name=\"_wpcf7\" value=\"952\" \/><input type=\"hidden\" name=\"_wpcf7_version\" value=\"6.1.5\" \/><input type=\"hidden\" name=\"_wpcf7_locale\" value=\"fr_FR\" \/><input type=\"hidden\" name=\"_wpcf7_unit_tag\" value=\"wpcf7-f952-o1\" \/><input type=\"hidden\" name=\"_wpcf7_container_post\" value=\"0\" \/><input type=\"hidden\" name=\"_wpcf7_posted_data_hash\" value=\"\" \/>\n<\/fieldset>\n<p><label> Votre nom<br \/>\n<span class=\"wpcf7-form-control-wrap\" data-name=\"your-name\"><input size=\"40\" maxlength=\"400\" class=\"wpcf7-form-control wpcf7-text wpcf7-validates-as-required\" aria-required=\"true\" aria-invalid=\"false\" value=\"\" type=\"text\" name=\"your-name\" \/><\/span> <\/label>\n<\/p>\n<p><label> Votre e-mail<br \/>\n<span class=\"wpcf7-form-control-wrap\" data-name=\"your-email\"><input size=\"40\" maxlength=\"400\" class=\"wpcf7-form-control wpcf7-email wpcf7-validates-as-required wpcf7-text wpcf7-validates-as-email\" aria-required=\"true\" aria-invalid=\"false\" value=\"\" type=\"email\" name=\"your-email\" \/><\/span> <\/label>\n<\/p>\n<p><label> Objet<br \/>\n<span class=\"wpcf7-form-control-wrap\" data-name=\"your-subject\"><input size=\"40\" maxlength=\"400\" class=\"wpcf7-form-control wpcf7-text wpcf7-validates-as-required\" aria-required=\"true\" aria-invalid=\"false\" value=\"\" type=\"text\" name=\"your-subject\" \/><\/span> <\/label>\n<\/p>\n<p><label> Votre message (facultatif)<br \/>\n<span class=\"wpcf7-form-control-wrap\" data-name=\"your-message\"><textarea cols=\"40\" rows=\"10\" maxlength=\"2000\" class=\"wpcf7-form-control wpcf7-textarea\" aria-invalid=\"false\" name=\"your-message\"><\/textarea><\/span> <\/label>\n<\/p>\n<p><input class=\"wpcf7-form-control wpcf7-submit has-spinner\" type=\"submit\" value=\"Envoyer\" \/>\n<\/p><p style=\"display: none !important;\" class=\"akismet-fields-container\" data-prefix=\"_wpcf7_ak_\"><label>&#916;<textarea name=\"_wpcf7_ak_hp_textarea\" cols=\"45\" rows=\"8\" maxlength=\"100\"><\/textarea><\/label><input type=\"hidden\" id=\"ak_js_1\" name=\"_wpcf7_ak_js\" value=\"203\"\/><script>document.getElementById( \"ak_js_1\" ).setAttribute( \"value\", ( new Date() ).getTime() );<\/script><\/p><div class=\"wpcf7-response-output\" aria-hidden=\"true\"><\/div>\n<\/form>\n<\/div>\n\n<\/div>\n<\/div>\n","protected":false},"excerpt":{"rendered":"<p>Et si Vous Osiez ? Notre philosophie&#8230; \u00eatre l&rsquo;un des lieux les plus appr\u00e9ci\u00e9s de Lacanau. Chaque instant de votre s\u00e9jour est important pour nous, nous voulons donc nous assurer que vous avez appr\u00e9ci\u00e9 vos vacances&#8230; +33 (0) 749 057 712 contact@villapiladi.fr Le Huga, Lacanau-Oc\u00e9an, FR Nous laisser un Message<\/p>\n","protected":false},"author":1,"featured_media":795,"parent":0,"menu_order":0,"comment_status":"closed","ping_status":"closed","template":"template-wide-page.php","meta":{"om_disable_all_campaigns":false,"_monsterinsights_skip_tracking":false,"_monsterinsights_sitenote_active":false,"_monsterinsights_sitenote_note":"","_monsterinsights_sitenote_category":0,"footnotes":""},"class_list":["post-166","page","type-page","status-publish","has-post-thumbnail","hentry"],"aioseo_notices":[],"_links":{"self":[{"href":"https:\/\/www.villapiladi.fr\/index.php\/wp-json\/wp\/v2\/pages\/166","targetHints":{"allow":["GET"]}}],"collection":[{"href":"https:\/\/www.villapiladi.fr\/index.php\/wp-json\/wp\/v2\/pages"}],"about":[{"href":"https:\/\/www.villapiladi.fr\/index.php\/wp-json\/wp\/v2\/types\/page"}],"author":[{"embeddable":true,"href":"https:\/\/www.villapiladi.fr\/index.php\/wp-json\/wp\/v2\/users\/1"}],"replies":[{"embeddable":true,"href":"https:\/\/www.villapiladi.fr\/index.php\/wp-json\/wp\/v2\/comments?post=166"}],"version-history":[{"count":8,"href":"https:\/\/www.villapiladi.fr\/index.php\/wp-json\/wp\/v2\/pages\/166\/revisions"}],"predecessor-version":[{"id":953,"href":"https:\/\/www.villapiladi.fr\/index.php\/wp-json\/wp\/v2\/pages\/166\/revisions\/953"}],"wp:featuredmedia":[{"embeddable":true,"href":"https:\/\/www.villapiladi.fr\/index.php\/wp-json\/wp\/v2\/media\/795"}],"wp:attachment":[{"href":"https:\/\/www.villapiladi.fr\/index.php\/wp-json\/wp\/v2\/media?parent=166"}],"curies":[{"name":"wp","href":"https:\/\/api.w.org\/{rel}","templated":true}]}}